{"id":60,"date":"2025-09-30T16:53:13","date_gmt":"2025-09-30T16:53:13","guid":{"rendered":"https:\/\/lederreisen.no\/index.php\/classes\/"},"modified":"2026-03-27T17:01:34","modified_gmt":"2026-03-27T17:01:34","slug":"vare-tjenester","status":"publish","type":"page","link":"https:\/\/lederreisen.no\/index.php\/vare-tjenester\/","title":{"rendered":"Tjenester"},"content":{"rendered":"\t\t<div data-elementor-type=\"wp-page\" data-elementor-id=\"60\" class=\"elementor elementor-60\">\n\t\t\t\t<div class=\"elementor-element elementor-element-d29fb95 e-flex e-con-boxed e-con e-parent\" data-id=\"d29fb95\" data-element_type=\"container\">\n\t\t\t\t\t<div class=\"e-con-inner\">\n\t\t\t\t<div class=\"elementor-element elementor-element-2fd22a9 elementor-widget elementor-widget-heading\" data-id=\"2fd22a9\" data-element_type=\"widget\" data-widget_type=\"heading.default\">\n\t\t\t\t\t<h2 class=\"elementor-heading-title elementor-size-default\">Tjenester<\/h2>\t\t\t\t<\/div>\n\t\t\t\t\t<\/div>\n\t\t\t\t<\/div>\n\t\t<div class=\"elementor-element elementor-element-3ab101d e-con-full e-flex e-con e-parent\" data-id=\"3ab101d\" data-element_type=\"container\" data-settings=\"{&quot;background_background&quot;:&quot;classic&quot;}\">\n\t\t<div class=\"elementor-element elementor-element-154f2e71 e-con-full e-flex e-con e-child\" data-id=\"154f2e71\" data-element_type=\"container\">\n\t\t\t\t<div class=\"elementor-element elementor-element-198acfd1 elementor-widget elementor-widget-heading\" data-id=\"198acfd1\" data-element_type=\"widget\" data-widget_type=\"heading.default\">\n\t\t\t\t\t<h2 class=\"elementor-heading-title elementor-size-default\">Kickstart Lederreisen!<\/h2>\t\t\t\t<\/div>\n\t\t\t\t<div class=\"elementor-element elementor-element-bccd98e elementor-widget elementor-widget-text-editor\" data-id=\"bccd98e\" data-element_type=\"widget\" data-widget_type=\"text-editor.default\">\n\t\t\t\t\t\t\t\t\t<p>Dette er et 12 ukers digitalt utviklingsprogram, skapt ut i fra et genuint \u00f8nske om \u00e5 gi nye ledere en raskere og tryggere vei inn i lederrollen.<\/p><p><span style=\"letter-spacing: 0px; word-spacing: 0em;\">Kickstart lederreisen kj\u00f8res digitalt over 12 uker, med individuell oppstartssamtale, 6 felles workshops, 4 personlige ledercoachinger, arbeid med personlig utviklingsplan og oppf\u00f8lging i etterkant av programmet<\/span><\/p><p><span style=\"letter-spacing: 0px; word-spacing: 0em;\">Kun 10 plasser!\u00a0<\/span><span style=\"letter-spacing: 0px; word-spacing: 0em;\">Oppstart mars 2026.<\/span><\/p><p>Ordin\u00e6r pris 14 990,-<\/p><p><strong>Introduksjonspris: 10 900,-<\/strong><\/p><p><a href=\"https:\/\/kurs.rutelise.no\/page\/693292\"><strong>Les mer og bestill plass!<\/strong><\/a><\/p>\t\t\t\t\t\t\t\t<\/div>\n\t\t\t\t<\/div>\n\t\t<div class=\"elementor-element elementor-element-45666aa6 e-con-full e-flex e-con e-child\" data-id=\"45666aa6\" data-element_type=\"container\">\n\t\t\t\t<div class=\"elementor-element elementor-element-4a9b5b8e elementor-widget elementor-widget-image\" data-id=\"4a9b5b8e\" data-element_type=\"widget\" data-widget_type=\"image.default\">\n\t\t\t\t\t\t\t\t\t\t\t\t\t\t\t<img fetchpriority=\"high\" decoding=\"async\" width=\"800\" height=\"534\" src=\"https:\/\/lederreisen.no\/wp-content\/uploads\/2025\/09\/smiling-businessman-sitting-in-meeting-room-with-l-2025-03-18-17-55-10-utc_1_optimized_2000-1024x683.jpg\" class=\"attachment-large size-large wp-image-120\" alt=\"\" srcset=\"https:\/\/lederreisen.no\/wp-content\/uploads\/2025\/09\/smiling-businessman-sitting-in-meeting-room-with-l-2025-03-18-17-55-10-utc_1_optimized_2000-1024x683.jpg 1024w, https:\/\/lederreisen.no\/wp-content\/uploads\/2025\/09\/smiling-businessman-sitting-in-meeting-room-with-l-2025-03-18-17-55-10-utc_1_optimized_2000-300x200.jpg 300w, https:\/\/lederreisen.no\/wp-content\/uploads\/2025\/09\/smiling-businessman-sitting-in-meeting-room-with-l-2025-03-18-17-55-10-utc_1_optimized_2000-768x512.jpg 768w, https:\/\/lederreisen.no\/wp-content\/uploads\/2025\/09\/smiling-businessman-sitting-in-meeting-room-with-l-2025-03-18-17-55-10-utc_1_optimized_2000-1536x1024.jpg 1536w, https:\/\/lederreisen.no\/wp-content\/uploads\/2025\/09\/smiling-businessman-sitting-in-meeting-room-with-l-2025-03-18-17-55-10-utc_1_optimized_2000-2048x1365.jpg 2048w\" sizes=\"(max-width: 800px) 100vw, 800px\" \/>\t\t\t\t\t\t\t\t\t\t\t\t\t\t\t<\/div>\n\t\t\t\t<\/div>\n\t\t\t\t<\/div>\n\t\t<div class=\"elementor-element elementor-element-122395d5 e-con-full e-flex e-con e-parent\" data-id=\"122395d5\" data-element_type=\"container\" data-settings=\"{&quot;background_background&quot;:&quot;classic&quot;}\">\n\t\t<div class=\"elementor-element elementor-element-3b9b097b e-con-full e-flex e-con e-child\" data-id=\"3b9b097b\" data-element_type=\"container\">\n\t\t\t\t<div class=\"elementor-element elementor-element-33926211 elementor-widget elementor-widget-heading\" data-id=\"33926211\" data-element_type=\"widget\" data-widget_type=\"heading.default\">\n\t\t\t\t\t<h2 class=\"elementor-heading-title elementor-size-default\">Individuell lederst\u00f8tte med Rut<\/h2>\t\t\t\t<\/div>\n\t\t\t\t<div class=\"elementor-element elementor-element-492b4d02 elementor-widget elementor-widget-text-editor\" data-id=\"492b4d02\" data-element_type=\"widget\" data-widget_type=\"text-editor.default\">\n\t\t\t\t\t\t\t\t\t<p>Rut har st\u00f8ttet og veiledet hundrevis av ledere p\u00e5 ulikt niv\u00e5 gjennom karrieren sin. Hun har ogs\u00e5 selv st\u00e5tt i lederrollen i mange \u00e5r, og vet hva som kreves.<\/p><p>I Rut m\u00f8ter du nysgjerrighet og interesse, og et oppriktig \u00f8nske om \u00e5 bidra til at du skal lykkes i lederrollen.\u00a0<\/p><p>Rut har formell ICF-coachingbakgrunn, i tillegg til \u00e5 v\u00e6re pedagog og tidligere toppleder innen HR.<\/p><p>Ta kontakt for en uforpliktende samtale!<\/p><p>\ud83d\udce8rut@rutelise.no \ud83d\udcde 48009339<\/p>\t\t\t\t\t\t\t\t<\/div>\n\t\t\t\t<\/div>\n\t\t<div class=\"elementor-element elementor-element-48cd92fb e-con-full e-flex e-con e-child\" data-id=\"48cd92fb\" data-element_type=\"container\">\n\t\t\t\t<div class=\"elementor-element elementor-element-46096855 elementor-widget elementor-widget-image\" data-id=\"46096855\" data-element_type=\"widget\" data-widget_type=\"image.default\">\n\t\t\t\t\t\t\t\t\t\t\t\t\t\t\t<img decoding=\"async\" width=\"800\" height=\"817\" src=\"https:\/\/lederreisen.no\/wp-content\/uploads\/2026\/03\/Rut-mindre-scaled-e1773653292778-1003x1024.jpg\" class=\"attachment-large size-large wp-image-722\" alt=\"\" srcset=\"https:\/\/lederreisen.no\/wp-content\/uploads\/2026\/03\/Rut-mindre-scaled-e1773653292778-1003x1024.jpg 1003w, https:\/\/lederreisen.no\/wp-content\/uploads\/2026\/03\/Rut-mindre-scaled-e1773653292778-294x300.jpg 294w, https:\/\/lederreisen.no\/wp-content\/uploads\/2026\/03\/Rut-mindre-scaled-e1773653292778-768x784.jpg 768w, https:\/\/lederreisen.no\/wp-content\/uploads\/2026\/03\/Rut-mindre-scaled-e1773653292778-1505x1536.jpg 1505w, https:\/\/lederreisen.no\/wp-content\/uploads\/2026\/03\/Rut-mindre-scaled-e1773653292778.jpg 1634w\" sizes=\"(max-width: 800px) 100vw, 800px\" \/>\t\t\t\t\t\t\t\t\t\t\t\t\t\t\t<\/div>\n\t\t\t\t<\/div>\n\t\t\t\t<\/div>\n\t\t<div class=\"elementor-element elementor-element-79b2dcb e-flex e-con-boxed e-con e-parent\" data-id=\"79b2dcb\" data-element_type=\"container\" data-settings=\"{&quot;background_background&quot;:&quot;classic&quot;,&quot;shape_divider_top&quot;:&quot;mountains&quot;}\">\n\t\t\t\t\t<div class=\"e-con-inner\">\n\t\t\t\t<div class=\"elementor-shape elementor-shape-top\" aria-hidden=\"true\" data-negative=\"false\">\n\t\t\t<svg xmlns=\"http:\/\/www.w3.org\/2000\/svg\" viewBox=\"0 0 1000 100\" preserveAspectRatio=\"none\">\n\t<path class=\"elementor-shape-fill\" opacity=\"0.33\" d=\"M473,67.3c-203.9,88.3-263.1-34-320.3,0C66,119.1,0,59.7,0,59.7V0h1000v59.7 c0,0-62.1,26.1-94.9,29.3c-32.8,3.3-62.8-12.3-75.8-22.1C806,49.6,745.3,8.7,694.9,4.7S492.4,59,473,67.3z\"\/>\n\t<path class=\"elementor-shape-fill\" opacity=\"0.66\" d=\"M734,67.3c-45.5,0-77.2-23.2-129.1-39.1c-28.6-8.7-150.3-10.1-254,39.1 s-91.7-34.4-149.2,0C115.7,118.3,0,39.8,0,39.8V0h1000v36.5c0,0-28.2-18.5-92.1-18.5C810.2,18.1,775.7,67.3,734,67.3z\"\/>\n\t<path class=\"elementor-shape-fill\" d=\"M766.1,28.9c-200-57.5-266,65.5-395.1,19.5C242,1.8,242,5.4,184.8,20.6C128,35.8,132.3,44.9,89.9,52.5C28.6,63.7,0,0,0,0 h1000c0,0-9.9,40.9-83.6,48.1S829.6,47,766.1,28.9z\"\/>\n<\/svg>\t\t<\/div>\n\t\t\t\t\t<\/div>\n\t\t\t\t<\/div>\n\t\t\t\t<\/div>\n\t\t","protected":false},"excerpt":{"rendered":"<p>Tjenester Kickstart Lederreisen! Dette er et 12 ukers digitalt utviklingsprogram, skapt ut i fra et genuint \u00f8nske om \u00e5 gi nye ledere en raskere og tryggere vei inn i lederrollen. Kickstart lederreisen kj\u00f8res digitalt over 12 uker, med individuell oppstartssamtale, 6 felles workshops, 4 personlige ledercoachinger, arbeid med personlig utviklingsplan og oppf\u00f8lging i etterkant av [&hellip;]<\/p>\n","protected":false},"author":1,"featured_media":0,"parent":0,"menu_order":0,"comment_status":"closed","ping_status":"closed","template":"elementor_header_footer","meta":{"footnotes":""},"class_list":["post-60","page","type-page","status-publish","hentry"],"yoast_head":"<!-- This site is optimized with the Yoast SEO plugin v27.5 - https:\/\/yoast.com\/product\/yoast-seo-wordpress\/ -->\n<title>Tjenester - Lederreisen<\/title>\n<meta name=\"robots\" content=\"index, follow, max-snippet:-1, max-image-preview:large, max-video-preview:-1\" \/>\n<link rel=\"canonical\" href=\"https:\/\/lederreisen.no\/index.php\/vare-tjenester\/\" \/>\n<meta property=\"og:locale\" content=\"nb_NO\" \/>\n<meta property=\"og:type\" content=\"article\" \/>\n<meta property=\"og:title\" content=\"Tjenester - Lederreisen\" \/>\n<meta property=\"og:description\" content=\"Tjenester Kickstart Lederreisen! Dette er et 12 ukers digitalt utviklingsprogram, skapt ut i fra et genuint \u00f8nske om \u00e5 gi nye ledere en raskere og tryggere vei inn i lederrollen. Kickstart lederreisen kj\u00f8res digitalt over 12 uker, med individuell oppstartssamtale, 6 felles workshops, 4 personlige ledercoachinger, arbeid med personlig utviklingsplan og oppf\u00f8lging i etterkant av [&hellip;]\" \/>\n<meta property=\"og:url\" content=\"https:\/\/lederreisen.no\/index.php\/vare-tjenester\/\" \/>\n<meta property=\"og:site_name\" content=\"Lederreisen\" \/>\n<meta property=\"article:publisher\" content=\"https:\/\/www.facebook.com\/rutelise.no\" \/>\n<meta property=\"article:modified_time\" content=\"2026-03-27T17:01:34+00:00\" \/>\n<meta property=\"og:image\" content=\"https:\/\/lederreisen.no\/wp-content\/uploads\/2025\/09\/smiling-businessman-sitting-in-meeting-room-with-l-2025-03-18-17-55-10-utc_1_optimized_2000-scaled.jpg\" \/>\n\t<meta property=\"og:image:width\" content=\"2560\" \/>\n\t<meta property=\"og:image:height\" content=\"1706\" \/>\n\t<meta property=\"og:image:type\" content=\"image\/jpeg\" \/>\n<meta name=\"twitter:card\" content=\"summary_large_image\" \/>\n<meta name=\"twitter:label1\" content=\"Ansl. lesetid\" \/>\n\t<meta name=\"twitter:data1\" content=\"2 minutter\" \/>\n<script type=\"application\/ld+json\" class=\"yoast-schema-graph\">{\"@context\":\"https:\\\/\\\/schema.org\",\"@graph\":[{\"@type\":\"WebPage\",\"@id\":\"https:\\\/\\\/lederreisen.no\\\/index.php\\\/vare-tjenester\\\/\",\"url\":\"https:\\\/\\\/lederreisen.no\\\/index.php\\\/vare-tjenester\\\/\",\"name\":\"Tjenester - Lederreisen\",\"isPartOf\":{\"@id\":\"https:\\\/\\\/lederreisen.no\\\/#website\"},\"primaryImageOfPage\":{\"@id\":\"https:\\\/\\\/lederreisen.no\\\/index.php\\\/vare-tjenester\\\/#primaryimage\"},\"image\":{\"@id\":\"https:\\\/\\\/lederreisen.no\\\/index.php\\\/vare-tjenester\\\/#primaryimage\"},\"thumbnailUrl\":\"https:\\\/\\\/lederreisen.no\\\/wp-content\\\/uploads\\\/2025\\\/09\\\/smiling-businessman-sitting-in-meeting-room-with-l-2025-03-18-17-55-10-utc_1_optimized_2000-1024x683.jpg\",\"datePublished\":\"2025-09-30T16:53:13+00:00\",\"dateModified\":\"2026-03-27T17:01:34+00:00\",\"breadcrumb\":{\"@id\":\"https:\\\/\\\/lederreisen.no\\\/index.php\\\/vare-tjenester\\\/#breadcrumb\"},\"inLanguage\":\"nb-NO\",\"potentialAction\":[{\"@type\":\"ReadAction\",\"target\":[\"https:\\\/\\\/lederreisen.no\\\/index.php\\\/vare-tjenester\\\/\"]}]},{\"@type\":\"ImageObject\",\"inLanguage\":\"nb-NO\",\"@id\":\"https:\\\/\\\/lederreisen.no\\\/index.php\\\/vare-tjenester\\\/#primaryimage\",\"url\":\"https:\\\/\\\/lederreisen.no\\\/wp-content\\\/uploads\\\/2025\\\/09\\\/smiling-businessman-sitting-in-meeting-room-with-l-2025-03-18-17-55-10-utc_1_optimized_2000-scaled.jpg\",\"contentUrl\":\"https:\\\/\\\/lederreisen.no\\\/wp-content\\\/uploads\\\/2025\\\/09\\\/smiling-businessman-sitting-in-meeting-room-with-l-2025-03-18-17-55-10-utc_1_optimized_2000-scaled.jpg\",\"width\":2560,\"height\":1706},{\"@type\":\"BreadcrumbList\",\"@id\":\"https:\\\/\\\/lederreisen.no\\\/index.php\\\/vare-tjenester\\\/#breadcrumb\",\"itemListElement\":[{\"@type\":\"ListItem\",\"position\":1,\"name\":\"Hjem\",\"item\":\"https:\\\/\\\/lederreisen.no\\\/\"},{\"@type\":\"ListItem\",\"position\":2,\"name\":\"Tjenester\"}]},{\"@type\":\"WebSite\",\"@id\":\"https:\\\/\\\/lederreisen.no\\\/#website\",\"url\":\"https:\\\/\\\/lederreisen.no\\\/\",\"name\":\"Lederreisen\",\"description\":\"Lederreisen st\u00f8tter og utvikler ledere som vil bli tryggere, tydeligere og handlekraftige i lederrollen\",\"publisher\":{\"@id\":\"https:\\\/\\\/lederreisen.no\\\/#organization\"},\"potentialAction\":[{\"@type\":\"SearchAction\",\"target\":{\"@type\":\"EntryPoint\",\"urlTemplate\":\"https:\\\/\\\/lederreisen.no\\\/?s={search_term_string}\"},\"query-input\":{\"@type\":\"PropertyValueSpecification\",\"valueRequired\":true,\"valueName\":\"search_term_string\"}}],\"inLanguage\":\"nb-NO\"},{\"@type\":\"Organization\",\"@id\":\"https:\\\/\\\/lederreisen.no\\\/#organization\",\"name\":\"RE Samuelsen\",\"url\":\"https:\\\/\\\/lederreisen.no\\\/\",\"logo\":{\"@type\":\"ImageObject\",\"inLanguage\":\"nb-NO\",\"@id\":\"https:\\\/\\\/lederreisen.no\\\/#\\\/schema\\\/logo\\\/image\\\/\",\"url\":\"https:\\\/\\\/lederreisen.no\\\/wp-content\\\/uploads\\\/2025\\\/09\\\/Hovedlogo-himmelbla-og-beige-CROP.png\",\"contentUrl\":\"https:\\\/\\\/lederreisen.no\\\/wp-content\\\/uploads\\\/2025\\\/09\\\/Hovedlogo-himmelbla-og-beige-CROP.png\",\"width\":500,\"height\":337,\"caption\":\"RE Samuelsen\"},\"image\":{\"@id\":\"https:\\\/\\\/lederreisen.no\\\/#\\\/schema\\\/logo\\\/image\\\/\"},\"sameAs\":[\"https:\\\/\\\/www.facebook.com\\\/rutelise.no\",\"https:\\\/\\\/www.instagram.com\\\/lederreisen_rutelise\\\/\"]}]}<\/script>\n<!-- \/ Yoast SEO plugin. -->","yoast_head_json":{"title":"Tjenester - Lederreisen","robots":{"index":"index","follow":"follow","max-snippet":"max-snippet:-1","max-image-preview":"max-image-preview:large","max-video-preview":"max-video-preview:-1"},"canonical":"https:\/\/lederreisen.no\/index.php\/vare-tjenester\/","og_locale":"nb_NO","og_type":"article","og_title":"Tjenester - Lederreisen","og_description":"Tjenester Kickstart Lederreisen! Dette er et 12 ukers digitalt utviklingsprogram, skapt ut i fra et genuint \u00f8nske om \u00e5 gi nye ledere en raskere og tryggere vei inn i lederrollen. Kickstart lederreisen kj\u00f8res digitalt over 12 uker, med individuell oppstartssamtale, 6 felles workshops, 4 personlige ledercoachinger, arbeid med personlig utviklingsplan og oppf\u00f8lging i etterkant av [&hellip;]","og_url":"https:\/\/lederreisen.no\/index.php\/vare-tjenester\/","og_site_name":"Lederreisen","article_publisher":"https:\/\/www.facebook.com\/rutelise.no","article_modified_time":"2026-03-27T17:01:34+00:00","og_image":[{"width":2560,"height":1706,"url":"https:\/\/lederreisen.no\/wp-content\/uploads\/2025\/09\/smiling-businessman-sitting-in-meeting-room-with-l-2025-03-18-17-55-10-utc_1_optimized_2000-scaled.jpg","type":"image\/jpeg"}],"twitter_card":"summary_large_image","twitter_misc":{"Ansl. lesetid":"2 minutter"},"schema":{"@context":"https:\/\/schema.org","@graph":[{"@type":"WebPage","@id":"https:\/\/lederreisen.no\/index.php\/vare-tjenester\/","url":"https:\/\/lederreisen.no\/index.php\/vare-tjenester\/","name":"Tjenester - Lederreisen","isPartOf":{"@id":"https:\/\/lederreisen.no\/#website"},"primaryImageOfPage":{"@id":"https:\/\/lederreisen.no\/index.php\/vare-tjenester\/#primaryimage"},"image":{"@id":"https:\/\/lederreisen.no\/index.php\/vare-tjenester\/#primaryimage"},"thumbnailUrl":"https:\/\/lederreisen.no\/wp-content\/uploads\/2025\/09\/smiling-businessman-sitting-in-meeting-room-with-l-2025-03-18-17-55-10-utc_1_optimized_2000-1024x683.jpg","datePublished":"2025-09-30T16:53:13+00:00","dateModified":"2026-03-27T17:01:34+00:00","breadcrumb":{"@id":"https:\/\/lederreisen.no\/index.php\/vare-tjenester\/#breadcrumb"},"inLanguage":"nb-NO","potentialAction":[{"@type":"ReadAction","target":["https:\/\/lederreisen.no\/index.php\/vare-tjenester\/"]}]},{"@type":"ImageObject","inLanguage":"nb-NO","@id":"https:\/\/lederreisen.no\/index.php\/vare-tjenester\/#primaryimage","url":"https:\/\/lederreisen.no\/wp-content\/uploads\/2025\/09\/smiling-businessman-sitting-in-meeting-room-with-l-2025-03-18-17-55-10-utc_1_optimized_2000-scaled.jpg","contentUrl":"https:\/\/lederreisen.no\/wp-content\/uploads\/2025\/09\/smiling-businessman-sitting-in-meeting-room-with-l-2025-03-18-17-55-10-utc_1_optimized_2000-scaled.jpg","width":2560,"height":1706},{"@type":"BreadcrumbList","@id":"https:\/\/lederreisen.no\/index.php\/vare-tjenester\/#breadcrumb","itemListElement":[{"@type":"ListItem","position":1,"name":"Hjem","item":"https:\/\/lederreisen.no\/"},{"@type":"ListItem","position":2,"name":"Tjenester"}]},{"@type":"WebSite","@id":"https:\/\/lederreisen.no\/#website","url":"https:\/\/lederreisen.no\/","name":"Lederreisen","description":"Lederreisen st\u00f8tter og utvikler ledere som vil bli tryggere, tydeligere og handlekraftige i lederrollen","publisher":{"@id":"https:\/\/lederreisen.no\/#organization"},"potentialAction":[{"@type":"SearchAction","target":{"@type":"EntryPoint","urlTemplate":"https:\/\/lederreisen.no\/?s={search_term_string}"},"query-input":{"@type":"PropertyValueSpecification","valueRequired":true,"valueName":"search_term_string"}}],"inLanguage":"nb-NO"},{"@type":"Organization","@id":"https:\/\/lederreisen.no\/#organization","name":"RE Samuelsen","url":"https:\/\/lederreisen.no\/","logo":{"@type":"ImageObject","inLanguage":"nb-NO","@id":"https:\/\/lederreisen.no\/#\/schema\/logo\/image\/","url":"https:\/\/lederreisen.no\/wp-content\/uploads\/2025\/09\/Hovedlogo-himmelbla-og-beige-CROP.png","contentUrl":"https:\/\/lederreisen.no\/wp-content\/uploads\/2025\/09\/Hovedlogo-himmelbla-og-beige-CROP.png","width":500,"height":337,"caption":"RE Samuelsen"},"image":{"@id":"https:\/\/lederreisen.no\/#\/schema\/logo\/image\/"},"sameAs":["https:\/\/www.facebook.com\/rutelise.no","https:\/\/www.instagram.com\/lederreisen_rutelise\/"]}]}},"_links":{"self":[{"href":"https:\/\/lederreisen.no\/index.php\/wp-json\/wp\/v2\/pages\/60","targetHints":{"allow":["GET"]}}],"collection":[{"href":"https:\/\/lederreisen.no\/index.php\/wp-json\/wp\/v2\/pages"}],"about":[{"href":"https:\/\/lederreisen.no\/index.php\/wp-json\/wp\/v2\/types\/page"}],"author":[{"embeddable":true,"href":"https:\/\/lederreisen.no\/index.php\/wp-json\/wp\/v2\/users\/1"}],"replies":[{"embeddable":true,"href":"https:\/\/lederreisen.no\/index.php\/wp-json\/wp\/v2\/comments?post=60"}],"version-history":[{"count":137,"href":"https:\/\/lederreisen.no\/index.php\/wp-json\/wp\/v2\/pages\/60\/revisions"}],"predecessor-version":[{"id":824,"href":"https:\/\/lederreisen.no\/index.php\/wp-json\/wp\/v2\/pages\/60\/revisions\/824"}],"wp:attachment":[{"href":"https:\/\/lederreisen.no\/index.php\/wp-json\/wp\/v2\/media?parent=60"}],"curies":[{"name":"wp","href":"https:\/\/api.w.org\/{rel}","templated":true}]}}