{"id":53,"date":"2025-09-30T16:53:11","date_gmt":"2025-09-30T16:53:11","guid":{"rendered":"https:\/\/lederreisen.no\/index.php\/about\/"},"modified":"2026-03-17T07:50:50","modified_gmt":"2026-03-17T07:50:50","slug":"om-oss","status":"publish","type":"page","link":"https:\/\/lederreisen.no\/index.php\/om-oss\/","title":{"rendered":"Om Lederreisen"},"content":{"rendered":"\t\t<div data-elementor-type=\"wp-page\" data-elementor-id=\"53\" class=\"elementor elementor-53\">\n\t\t\t\t<div class=\"elementor-element elementor-element-9008b6c e-flex e-con-boxed e-con e-parent\" data-id=\"9008b6c\" data-element_type=\"container\">\n\t\t\t\t\t<div class=\"e-con-inner\">\n\t\t<div class=\"elementor-element elementor-element-7cd7e76 e-con-full e-flex e-con e-child\" data-id=\"7cd7e76\" data-element_type=\"container\">\n\t\t\t\t<div class=\"elementor-element elementor-element-5e42604 elementor-widget elementor-widget-image\" data-id=\"5e42604\" data-element_type=\"widget\" data-widget_type=\"image.default\">\n\t\t\t\t\t\t\t\t\t\t\t\t\t\t\t<img fetchpriority=\"high\" decoding=\"async\" width=\"800\" height=\"817\" src=\"https:\/\/lederreisen.no\/wp-content\/uploads\/2026\/03\/Rut-mindre-scaled-e1773653292778-1003x1024.jpg\" class=\"attachment-large size-large wp-image-722\" alt=\"\" srcset=\"https:\/\/lederreisen.no\/wp-content\/uploads\/2026\/03\/Rut-mindre-scaled-e1773653292778-1003x1024.jpg 1003w, https:\/\/lederreisen.no\/wp-content\/uploads\/2026\/03\/Rut-mindre-scaled-e1773653292778-294x300.jpg 294w, https:\/\/lederreisen.no\/wp-content\/uploads\/2026\/03\/Rut-mindre-scaled-e1773653292778-768x784.jpg 768w, https:\/\/lederreisen.no\/wp-content\/uploads\/2026\/03\/Rut-mindre-scaled-e1773653292778-1505x1536.jpg 1505w, https:\/\/lederreisen.no\/wp-content\/uploads\/2026\/03\/Rut-mindre-scaled-e1773653292778.jpg 1634w\" sizes=\"(max-width: 800px) 100vw, 800px\" \/>\t\t\t\t\t\t\t\t\t\t\t\t\t\t\t<\/div>\n\t\t\t\t<\/div>\n\t\t<div class=\"elementor-element elementor-element-2027f1a e-con-full e-flex e-con e-child\" data-id=\"2027f1a\" data-element_type=\"container\">\n\t\t\t\t<div class=\"elementor-element elementor-element-47172f3 elementor-widget elementor-widget-text-editor\" data-id=\"47172f3\" data-element_type=\"widget\" data-widget_type=\"text-editor.default\">\n\t\t\t\t\t\t\t\t\t<h6>Lederreisen er blitt til fordi jeg har sett og h\u00f8rt det samme s\u00e5 mange ganger: Nye ledere blir alt for tidlig overlatt til seg selv. De heldige f\u00e5r en lederoppl\u00e6ringsplan og blir del av et lederteam som kan hjelpe. Mange m\u00e5 imidlertid l\u00e6re gjennom eget initiativ, pr\u00f8ving og feiling. Dette koster tid og energi, skaper un\u00f8dvendig usikkerhet og kan f\u00e5 konsekvenser for mestringsf\u00f8lelse, trivsel, helse, relasjoner og resultater.<\/h6><p>\u00a0<\/p><p>Mange ledere forteller meg at de f\u00f8ler seg alene. Dette har jeg ogs\u00e5 erfart selv. Ledere savner generelt st\u00f8tte, sparring og veiledning, og spesielt innen omr\u00e5dene som ikke st\u00e5r beskrevet i stillingsbeskrivelser eller oppl\u00e6ringsplanene &#8211; men som er avgj\u00f8rende for om de lykkes.<\/p><p>Lederreisen er utviklet for \u00e5 fylle dette gapet. Tilbudet herfra skal kombinere praktisk \u00f8velse og l\u00e6ring, konkrete verkt\u00f8y og erfaringer fra den virkelige lederhverdagen. Lederreisen skal ikke erstatte formelle oppl\u00e6ringsl\u00f8p, men supplere dem . Fokus er p\u00e5 kultur, kommunikasjon, rolleforst\u00e5else og de mange sm\u00e5 fallgruvene som nye ledere ubevisst kan tr\u00e5kke i.<\/p><p>Form\u00e5let mitt er enkelt:\u00a0<span style=\"color: inherit; font-family: inherit; font-size: 1rem;\">\u00c5 gj\u00f8re veien inn i lederrollen tryggere, enklere og langt mindre ensom.<\/span><\/p><p><em>Rut Elise Samuelsen<\/em><\/p>\t\t\t\t\t\t\t\t<\/div>\n\t\t\t\t<div class=\"elementor-element elementor-element-d2c0264 elementor-widget-divider--separator-type-pattern elementor-widget-divider--view-line elementor-widget elementor-widget-divider\" data-id=\"d2c0264\" data-element_type=\"widget\" data-widget_type=\"divider.default\">\n\t\t\t\t\t\t\t<div class=\"elementor-divider\" style=\"--divider-pattern-url: url(&quot;data:image\/svg+xml,%3Csvg xmlns=&#039;http:\/\/www.w3.org\/2000\/svg&#039; preserveAspectRatio=&#039;none&#039; overflow=&#039;visible&#039; height=&#039;100%&#039; viewBox=&#039;0 0 24 24&#039; fill=&#039;none&#039; stroke=&#039;black&#039; stroke-width=&#039;1&#039; stroke-linecap=&#039;square&#039; stroke-miterlimit=&#039;10&#039;%3E%3Cpath d=&#039;M0,6c6,0,0.9,11.1,6.9,11.1S18,6,24,6&#039;\/%3E%3C\/svg%3E&quot;);\">\n\t\t\t<span class=\"elementor-divider-separator\">\n\t\t\t\t\t\t<\/span>\n\t\t<\/div>\n\t\t\t\t\t\t<\/div>\n\t\t\t\t<\/div>\n\t\t\t\t\t<\/div>\n\t\t\t\t<\/div>\n\t\t<div class=\"elementor-element elementor-element-c04212b e-flex e-con-boxed e-con e-parent\" data-id=\"c04212b\" data-element_type=\"container\">\n\t\t\t\t\t<div class=\"e-con-inner\">\n\t\t\t\t<div class=\"elementor-element elementor-element-71da250 elementor-widget elementor-widget-spacer\" data-id=\"71da250\" data-element_type=\"widget\" data-widget_type=\"spacer.default\">\n\t\t\t\t\t\t\t<div class=\"elementor-spacer\">\n\t\t\t<div class=\"elementor-spacer-inner\"><\/div>\n\t\t<\/div>\n\t\t\t\t\t\t<\/div>\n\t\t\t\t\t<\/div>\n\t\t\t\t<\/div>\n\t\t<div class=\"elementor-element elementor-element-e73255f e-flex e-con-boxed e-con e-parent\" data-id=\"e73255f\" data-element_type=\"container\" data-settings=\"{&quot;background_background&quot;:&quot;classic&quot;}\">\n\t\t\t\t\t<div class=\"e-con-inner\">\n\t\t<div class=\"elementor-element elementor-element-f3eb543 e-con-full e-flex e-con e-child\" data-id=\"f3eb543\" data-element_type=\"container\">\n\t\t\t\t<div class=\"elementor-element elementor-element-97b3e33 elementor-widget elementor-widget-heading\" data-id=\"97b3e33\" data-element_type=\"widget\" data-widget_type=\"heading.default\">\n\t\t\t\t\t<h2 class=\"elementor-heading-title elementor-size-default\">Visjon<\/h2>\t\t\t\t<\/div>\n\t\t\t\t<\/div>\n\t\t\t\t\t<\/div>\n\t\t\t\t<\/div>\n\t\t<div class=\"elementor-element elementor-element-8009fcc e-flex e-con-boxed e-con e-parent\" data-id=\"8009fcc\" data-element_type=\"container\">\n\t\t\t\t\t<div class=\"e-con-inner\">\n\t\t\t\t<div class=\"elementor-element elementor-element-3940ad4 elementor-widget__width-initial elementor-widget elementor-widget-text-editor\" data-id=\"3940ad4\" data-element_type=\"widget\" data-widget_type=\"text-editor.default\">\n\t\t\t\t\t\t\t\t\t<p><b>Lederreisens visjon er \u00e5 st\u00f8tte og utvikle trygge, handlekraftige og fremtidsorienterte ledere, som skaper kultur og resultater gjennom bevisste valg og konkret handling<\/b><\/p><p><b>Verdier: Ekte, modig, fremtidsrettet<\/b><\/p>\t\t\t\t\t\t\t\t<\/div>\n\t\t<div class=\"elementor-element elementor-element-cdd64f7 e-con-full e-flex e-con e-child\" data-id=\"cdd64f7\" data-element_type=\"container\">\n\t\t\t\t<\/div>\n\t\t\t\t<div class=\"elementor-element elementor-element-0a628ce animated-fast elementor-widget__width-inherit elementor-invisible elementor-widget elementor-widget-flex-hero\" data-id=\"0a628ce\" data-element_type=\"widget\" data-settings=\"{&quot;layout_preset&quot;:&quot;storytelling&quot;,&quot;primary_button_shape&quot;:&quot;round&quot;,&quot;_animation&quot;:&quot;fadeIn&quot;,&quot;_animation_delay&quot;:&quot;100&quot;,&quot;image_shape&quot;:&quot;sharp&quot;,&quot;box_shape&quot;:&quot;sharp&quot;}\" data-widget_type=\"flex-hero.default\">\n\t\t\t\t<div class=\"elementor-widget-container\">\n\t\t\t\t\t\t\t<div class=\"has-shape-sharp shape-type-box ehp-flex-hero has-layout-preset-storytelling\">\n\t\t\t\t\t\t<div class=\"ehp-flex-hero__overlay\"><\/div>\n\t\t\t<div class=\"ehp-flex-hero__content-container\">\n\t\t\t\t<h2 class=\"ehp-flex-hero__heading\">Samarbeidspartnere<\/h2>\t\t\t<div class=\"ehp-flex-hero__ctas-container\">\n\t\t\t\t\t\t\t\t\t\t\t<\/div>\n\t\t\t\t\t<\/div>\n\t\t\t\t<div class=\"ehp-flex-hero__image-wrapper\">\n\t\t\t\t<\/div>\n\t\t\t\t<\/div>\n\t\t\t\t\t\t<\/div>\n\t\t\t\t<\/div>\n\t\t<div class=\"elementor-element elementor-element-5f9be3d e-con-full e-flex e-con e-child\" data-id=\"5f9be3d\" data-element_type=\"container\">\n\t\t\t\t<\/div>\n\t\t\t\t\t<\/div>\n\t\t\t\t<\/div>\n\t\t<div class=\"elementor-element elementor-element-6adbc5bc e-flex e-con-boxed e-con e-parent\" data-id=\"6adbc5bc\" data-element_type=\"container\" data-settings=\"{&quot;background_background&quot;:&quot;classic&quot;,&quot;shape_divider_top&quot;:&quot;mountains&quot;}\">\n\t\t\t\t\t<div class=\"e-con-inner\">\n\t\t\t\t<div class=\"elementor-shape elementor-shape-top\" aria-hidden=\"true\" data-negative=\"false\">\n\t\t\t<svg xmlns=\"http:\/\/www.w3.org\/2000\/svg\" viewBox=\"0 0 1000 100\" preserveAspectRatio=\"none\">\n\t<path class=\"elementor-shape-fill\" opacity=\"0.33\" d=\"M473,67.3c-203.9,88.3-263.1-34-320.3,0C66,119.1,0,59.7,0,59.7V0h1000v59.7 c0,0-62.1,26.1-94.9,29.3c-32.8,3.3-62.8-12.3-75.8-22.1C806,49.6,745.3,8.7,694.9,4.7S492.4,59,473,67.3z\"\/>\n\t<path class=\"elementor-shape-fill\" opacity=\"0.66\" d=\"M734,67.3c-45.5,0-77.2-23.2-129.1-39.1c-28.6-8.7-150.3-10.1-254,39.1 s-91.7-34.4-149.2,0C115.7,118.3,0,39.8,0,39.8V0h1000v36.5c0,0-28.2-18.5-92.1-18.5C810.2,18.1,775.7,67.3,734,67.3z\"\/>\n\t<path class=\"elementor-shape-fill\" d=\"M766.1,28.9c-200-57.5-266,65.5-395.1,19.5C242,1.8,242,5.4,184.8,20.6C128,35.8,132.3,44.9,89.9,52.5C28.6,63.7,0,0,0,0 h1000c0,0-9.9,40.9-83.6,48.1S829.6,47,766.1,28.9z\"\/>\n<\/svg>\t\t<\/div>\n\t\t\t\t<div class=\"elementor-element elementor-element-7401ad0 elementor-widget-mobile__width-inherit elementor-widget__width-initial elementor-widget elementor-widget-cta\" data-id=\"7401ad0\" data-element_type=\"widget\" data-settings=\"{&quot;layout_preset&quot;:&quot;storytelling&quot;,&quot;image_shape&quot;:&quot;rounded&quot;,&quot;content_alignment&quot;:&quot;center&quot;,&quot;content_alignment_tablet&quot;:&quot;center&quot;,&quot;content_alignment_mobile&quot;:&quot;center&quot;,&quot;primary_button_shape&quot;:&quot;default&quot;,&quot;cta_width&quot;:&quot;default&quot;,&quot;cta_position&quot;:&quot;default&quot;,&quot;box_shape&quot;:&quot;sharp&quot;}\" data-widget_type=\"cta.default\">\n\t\t\t\t<div class=\"elementor-widget-container\">\n\t\t\t\t\t\t\t<div class=\"has-shape-sharp shape-type-box ehp-cta has-preset-storytelling\">\n\t\t\t<div class=\"ehp-cta__overlay\"><\/div>\n\t\t\t<div class=\"ehp-cta__elements-container\">\n\t\t\t\t\t\t\t<div class=\"ehp-image ehp-cta__image-container\">\n\t\t\t\t<img decoding=\"async\" class=\"ehp-image__img ehp-cta__img has-shape-rounded shape-type-image\" src=\"https:\/\/lederreisen.no\/wp-content\/uploads\/2026\/02\/Design-uten-navn-2-1.png\" title=\"Design uten navn (2)\" alt=\"Design uten navn (2)\" loading=\"lazy\" \/>\t\t\t<\/div>\n\t\t\t\t\t<div class=\"ehp-cta__text-container\">\n\t\t\t<h2 class=\"ehp-cta__heading\">Langseth Advokatfirma DA<\/h2><p class=\"ehp-cta__description\">Lederreisen henter juridisk ekspertise fra Langseth Advokatfirma DA.<br><br>Partner Vegard Lund er spesialist innen arbeids- og kontraktsrett. <br><br> www.langsethadvokat.no <\/p>\t\t<\/div>\n\t\t\t\t\t<div class=\"ehp-cta__ctas-container has-cta-width-default\">\n\t\t\t\t<div class=\"ehp-cta__buttons-wrapper\">\n\t\t\t\t\t\t\t\t\t\t\t\t\t\t<\/div>\n\t\t\t<\/div>\n\t\t\t\t\t<\/div>\n\t\t<\/div>\n\t\t\t\t\t\t<\/div>\n\t\t\t\t<\/div>\n\t\t\t\t<div class=\"elementor-element elementor-element-7404f27 elementor-widget-mobile__width-inherit elementor-widget elementor-widget-cta\" data-id=\"7404f27\" data-element_type=\"widget\" data-settings=\"{&quot;layout_preset&quot;:&quot;storytelling&quot;,&quot;image_shape&quot;:&quot;rounded&quot;,&quot;content_alignment&quot;:&quot;center&quot;,&quot;content_alignment_tablet&quot;:&quot;center&quot;,&quot;content_alignment_mobile&quot;:&quot;center&quot;,&quot;primary_button_shape&quot;:&quot;default&quot;,&quot;cta_width&quot;:&quot;default&quot;,&quot;cta_position&quot;:&quot;default&quot;,&quot;box_shape&quot;:&quot;sharp&quot;}\" data-widget_type=\"cta.default\">\n\t\t\t\t<div class=\"elementor-widget-container\">\n\t\t\t\t\t\t\t<div class=\"has-shape-sharp shape-type-box ehp-cta has-preset-storytelling\">\n\t\t\t<div class=\"ehp-cta__overlay\"><\/div>\n\t\t\t<div class=\"ehp-cta__elements-container\">\n\t\t\t\t\t\t\t<div class=\"ehp-image ehp-cta__image-container\">\n\t\t\t\t<img decoding=\"async\" class=\"ehp-image__img ehp-cta__img has-shape-rounded shape-type-image\" src=\"https:\/\/lederreisen.no\/wp-content\/uploads\/2026\/02\/Vegard-Ine-Logo-1.png\" title=\"Vegard &#038; Ine Logo (1)\" alt=\"Vegard &amp; Ine Logo (1)\" loading=\"lazy\" \/>\t\t\t<\/div>\n\t\t\t\t\t<div class=\"ehp-cta__text-container\">\n\t\t\t<h2 class=\"ehp-cta__heading\">Kvikkere Hoder Rekruttering AS <br><\/h2><p class=\"ehp-cta__description\"><br>Kvikkere Hoder er spesialister p\u00e5 HR og rekruttering, med kontorer i Lillestr\u00f8m og Oslo.<br> <br>Daglig Leder Ine Foss har lang HR- og lederpraksis, og er spesialist innen rekruttering og karriereomstilling. <br><br>www.kvikkerehoder.no\n<br><\/p>\t\t<\/div>\n\t\t\t\t\t<div class=\"ehp-cta__ctas-container has-cta-width-default\">\n\t\t\t\t<div class=\"ehp-cta__buttons-wrapper\">\n\t\t\t\t\t\t\t\t\t\t\t\t\t\t<\/div>\n\t\t\t<\/div>\n\t\t\t\t\t<\/div>\n\t\t<\/div>\n\t\t\t\t\t\t<\/div>\n\t\t\t\t<\/div>\n\t\t\t\t\t<\/div>\n\t\t\t\t<\/div>\n\t\t\t\t<\/div>\n\t\t","protected":false},"excerpt":{"rendered":"<p>Lederreisen er blitt til fordi jeg har sett og h\u00f8rt det samme s\u00e5 mange ganger: Nye ledere blir alt for tidlig overlatt til seg selv. De heldige f\u00e5r en lederoppl\u00e6ringsplan og blir del av et lederteam som kan hjelpe. Mange m\u00e5 imidlertid l\u00e6re gjennom eget initiativ, pr\u00f8ving og feiling. Dette koster tid og energi, skaper [&hellip;]<\/p>\n","protected":false},"author":1,"featured_media":0,"parent":0,"menu_order":0,"comment_status":"closed","ping_status":"closed","template":"elementor_header_footer","meta":{"footnotes":""},"class_list":["post-53","page","type-page","status-publish","hentry"],"yoast_head":"<!-- This site is optimized with the Yoast SEO plugin v27.5 - https:\/\/yoast.com\/product\/yoast-seo-wordpress\/ -->\n<title>Om Lederreisen - Lederreisen<\/title>\n<meta name=\"robots\" content=\"index, follow, max-snippet:-1, max-image-preview:large, max-video-preview:-1\" \/>\n<link rel=\"canonical\" href=\"https:\/\/lederreisen.no\/index.php\/om-oss\/\" \/>\n<meta property=\"og:locale\" content=\"nb_NO\" \/>\n<meta property=\"og:type\" content=\"article\" \/>\n<meta property=\"og:title\" content=\"Om Lederreisen - Lederreisen\" \/>\n<meta property=\"og:description\" content=\"Lederreisen er blitt til fordi jeg har sett og h\u00f8rt det samme s\u00e5 mange ganger: Nye ledere blir alt for tidlig overlatt til seg selv. De heldige f\u00e5r en lederoppl\u00e6ringsplan og blir del av et lederteam som kan hjelpe. Mange m\u00e5 imidlertid l\u00e6re gjennom eget initiativ, pr\u00f8ving og feiling. Dette koster tid og energi, skaper [&hellip;]\" \/>\n<meta property=\"og:url\" content=\"https:\/\/lederreisen.no\/index.php\/om-oss\/\" \/>\n<meta property=\"og:site_name\" content=\"Lederreisen\" \/>\n<meta property=\"article:publisher\" content=\"https:\/\/www.facebook.com\/rutelise.no\" \/>\n<meta property=\"article:modified_time\" content=\"2026-03-17T07:50:50+00:00\" \/>\n<meta property=\"og:image\" content=\"https:\/\/lederreisen.no\/wp-content\/uploads\/2026\/03\/Rut-mindre-scaled-e1773653292778-1003x1024.jpg\" \/>\n<meta name=\"twitter:card\" content=\"summary_large_image\" \/>\n<meta name=\"twitter:label1\" content=\"Ansl. lesetid\" \/>\n\t<meta name=\"twitter:data1\" content=\"1 minutt\" \/>\n<script type=\"application\/ld+json\" class=\"yoast-schema-graph\">{\"@context\":\"https:\\\/\\\/schema.org\",\"@graph\":[{\"@type\":\"WebPage\",\"@id\":\"https:\\\/\\\/lederreisen.no\\\/index.php\\\/om-oss\\\/\",\"url\":\"https:\\\/\\\/lederreisen.no\\\/index.php\\\/om-oss\\\/\",\"name\":\"Om Lederreisen - Lederreisen\",\"isPartOf\":{\"@id\":\"https:\\\/\\\/lederreisen.no\\\/#website\"},\"primaryImageOfPage\":{\"@id\":\"https:\\\/\\\/lederreisen.no\\\/index.php\\\/om-oss\\\/#primaryimage\"},\"image\":{\"@id\":\"https:\\\/\\\/lederreisen.no\\\/index.php\\\/om-oss\\\/#primaryimage\"},\"thumbnailUrl\":\"https:\\\/\\\/lederreisen.no\\\/wp-content\\\/uploads\\\/2026\\\/03\\\/Rut-mindre-scaled-e1773653292778-1003x1024.jpg\",\"datePublished\":\"2025-09-30T16:53:11+00:00\",\"dateModified\":\"2026-03-17T07:50:50+00:00\",\"breadcrumb\":{\"@id\":\"https:\\\/\\\/lederreisen.no\\\/index.php\\\/om-oss\\\/#breadcrumb\"},\"inLanguage\":\"nb-NO\",\"potentialAction\":[{\"@type\":\"ReadAction\",\"target\":[\"https:\\\/\\\/lederreisen.no\\\/index.php\\\/om-oss\\\/\"]}]},{\"@type\":\"ImageObject\",\"inLanguage\":\"nb-NO\",\"@id\":\"https:\\\/\\\/lederreisen.no\\\/index.php\\\/om-oss\\\/#primaryimage\",\"url\":\"https:\\\/\\\/lederreisen.no\\\/wp-content\\\/uploads\\\/2026\\\/03\\\/Rut-mindre-scaled-e1773653292778.jpg\",\"contentUrl\":\"https:\\\/\\\/lederreisen.no\\\/wp-content\\\/uploads\\\/2026\\\/03\\\/Rut-mindre-scaled-e1773653292778.jpg\",\"width\":1634,\"height\":1668,\"caption\":\"Evoto\"},{\"@type\":\"BreadcrumbList\",\"@id\":\"https:\\\/\\\/lederreisen.no\\\/index.php\\\/om-oss\\\/#breadcrumb\",\"itemListElement\":[{\"@type\":\"ListItem\",\"position\":1,\"name\":\"Hjem\",\"item\":\"https:\\\/\\\/lederreisen.no\\\/\"},{\"@type\":\"ListItem\",\"position\":2,\"name\":\"Om Lederreisen\"}]},{\"@type\":\"WebSite\",\"@id\":\"https:\\\/\\\/lederreisen.no\\\/#website\",\"url\":\"https:\\\/\\\/lederreisen.no\\\/\",\"name\":\"Lederreisen\",\"description\":\"Lederreisen st\u00f8tter og utvikler ledere som vil bli tryggere, tydeligere og handlekraftige i lederrollen\",\"publisher\":{\"@id\":\"https:\\\/\\\/lederreisen.no\\\/#organization\"},\"potentialAction\":[{\"@type\":\"SearchAction\",\"target\":{\"@type\":\"EntryPoint\",\"urlTemplate\":\"https:\\\/\\\/lederreisen.no\\\/?s={search_term_string}\"},\"query-input\":{\"@type\":\"PropertyValueSpecification\",\"valueRequired\":true,\"valueName\":\"search_term_string\"}}],\"inLanguage\":\"nb-NO\"},{\"@type\":\"Organization\",\"@id\":\"https:\\\/\\\/lederreisen.no\\\/#organization\",\"name\":\"RE Samuelsen\",\"url\":\"https:\\\/\\\/lederreisen.no\\\/\",\"logo\":{\"@type\":\"ImageObject\",\"inLanguage\":\"nb-NO\",\"@id\":\"https:\\\/\\\/lederreisen.no\\\/#\\\/schema\\\/logo\\\/image\\\/\",\"url\":\"https:\\\/\\\/lederreisen.no\\\/wp-content\\\/uploads\\\/2025\\\/09\\\/Hovedlogo-himmelbla-og-beige-CROP.png\",\"contentUrl\":\"https:\\\/\\\/lederreisen.no\\\/wp-content\\\/uploads\\\/2025\\\/09\\\/Hovedlogo-himmelbla-og-beige-CROP.png\",\"width\":500,\"height\":337,\"caption\":\"RE Samuelsen\"},\"image\":{\"@id\":\"https:\\\/\\\/lederreisen.no\\\/#\\\/schema\\\/logo\\\/image\\\/\"},\"sameAs\":[\"https:\\\/\\\/www.facebook.com\\\/rutelise.no\",\"https:\\\/\\\/www.instagram.com\\\/lederreisen_rutelise\\\/\"]}]}<\/script>\n<!-- \/ Yoast SEO plugin. -->","yoast_head_json":{"title":"Om Lederreisen - Lederreisen","robots":{"index":"index","follow":"follow","max-snippet":"max-snippet:-1","max-image-preview":"max-image-preview:large","max-video-preview":"max-video-preview:-1"},"canonical":"https:\/\/lederreisen.no\/index.php\/om-oss\/","og_locale":"nb_NO","og_type":"article","og_title":"Om Lederreisen - Lederreisen","og_description":"Lederreisen er blitt til fordi jeg har sett og h\u00f8rt det samme s\u00e5 mange ganger: Nye ledere blir alt for tidlig overlatt til seg selv. De heldige f\u00e5r en lederoppl\u00e6ringsplan og blir del av et lederteam som kan hjelpe. Mange m\u00e5 imidlertid l\u00e6re gjennom eget initiativ, pr\u00f8ving og feiling. Dette koster tid og energi, skaper [&hellip;]","og_url":"https:\/\/lederreisen.no\/index.php\/om-oss\/","og_site_name":"Lederreisen","article_publisher":"https:\/\/www.facebook.com\/rutelise.no","article_modified_time":"2026-03-17T07:50:50+00:00","og_image":[{"url":"https:\/\/lederreisen.no\/wp-content\/uploads\/2026\/03\/Rut-mindre-scaled-e1773653292778-1003x1024.jpg","type":"","width":"","height":""}],"twitter_card":"summary_large_image","twitter_misc":{"Ansl. lesetid":"1 minutt"},"schema":{"@context":"https:\/\/schema.org","@graph":[{"@type":"WebPage","@id":"https:\/\/lederreisen.no\/index.php\/om-oss\/","url":"https:\/\/lederreisen.no\/index.php\/om-oss\/","name":"Om Lederreisen - Lederreisen","isPartOf":{"@id":"https:\/\/lederreisen.no\/#website"},"primaryImageOfPage":{"@id":"https:\/\/lederreisen.no\/index.php\/om-oss\/#primaryimage"},"image":{"@id":"https:\/\/lederreisen.no\/index.php\/om-oss\/#primaryimage"},"thumbnailUrl":"https:\/\/lederreisen.no\/wp-content\/uploads\/2026\/03\/Rut-mindre-scaled-e1773653292778-1003x1024.jpg","datePublished":"2025-09-30T16:53:11+00:00","dateModified":"2026-03-17T07:50:50+00:00","breadcrumb":{"@id":"https:\/\/lederreisen.no\/index.php\/om-oss\/#breadcrumb"},"inLanguage":"nb-NO","potentialAction":[{"@type":"ReadAction","target":["https:\/\/lederreisen.no\/index.php\/om-oss\/"]}]},{"@type":"ImageObject","inLanguage":"nb-NO","@id":"https:\/\/lederreisen.no\/index.php\/om-oss\/#primaryimage","url":"https:\/\/lederreisen.no\/wp-content\/uploads\/2026\/03\/Rut-mindre-scaled-e1773653292778.jpg","contentUrl":"https:\/\/lederreisen.no\/wp-content\/uploads\/2026\/03\/Rut-mindre-scaled-e1773653292778.jpg","width":1634,"height":1668,"caption":"Evoto"},{"@type":"BreadcrumbList","@id":"https:\/\/lederreisen.no\/index.php\/om-oss\/#breadcrumb","itemListElement":[{"@type":"ListItem","position":1,"name":"Hjem","item":"https:\/\/lederreisen.no\/"},{"@type":"ListItem","position":2,"name":"Om Lederreisen"}]},{"@type":"WebSite","@id":"https:\/\/lederreisen.no\/#website","url":"https:\/\/lederreisen.no\/","name":"Lederreisen","description":"Lederreisen st\u00f8tter og utvikler ledere som vil bli tryggere, tydeligere og handlekraftige i lederrollen","publisher":{"@id":"https:\/\/lederreisen.no\/#organization"},"potentialAction":[{"@type":"SearchAction","target":{"@type":"EntryPoint","urlTemplate":"https:\/\/lederreisen.no\/?s={search_term_string}"},"query-input":{"@type":"PropertyValueSpecification","valueRequired":true,"valueName":"search_term_string"}}],"inLanguage":"nb-NO"},{"@type":"Organization","@id":"https:\/\/lederreisen.no\/#organization","name":"RE Samuelsen","url":"https:\/\/lederreisen.no\/","logo":{"@type":"ImageObject","inLanguage":"nb-NO","@id":"https:\/\/lederreisen.no\/#\/schema\/logo\/image\/","url":"https:\/\/lederreisen.no\/wp-content\/uploads\/2025\/09\/Hovedlogo-himmelbla-og-beige-CROP.png","contentUrl":"https:\/\/lederreisen.no\/wp-content\/uploads\/2025\/09\/Hovedlogo-himmelbla-og-beige-CROP.png","width":500,"height":337,"caption":"RE Samuelsen"},"image":{"@id":"https:\/\/lederreisen.no\/#\/schema\/logo\/image\/"},"sameAs":["https:\/\/www.facebook.com\/rutelise.no","https:\/\/www.instagram.com\/lederreisen_rutelise\/"]}]}},"_links":{"self":[{"href":"https:\/\/lederreisen.no\/index.php\/wp-json\/wp\/v2\/pages\/53","targetHints":{"allow":["GET"]}}],"collection":[{"href":"https:\/\/lederreisen.no\/index.php\/wp-json\/wp\/v2\/pages"}],"about":[{"href":"https:\/\/lederreisen.no\/index.php\/wp-json\/wp\/v2\/types\/page"}],"author":[{"embeddable":true,"href":"https:\/\/lederreisen.no\/index.php\/wp-json\/wp\/v2\/users\/1"}],"replies":[{"embeddable":true,"href":"https:\/\/lederreisen.no\/index.php\/wp-json\/wp\/v2\/comments?post=53"}],"version-history":[{"count":144,"href":"https:\/\/lederreisen.no\/index.php\/wp-json\/wp\/v2\/pages\/53\/revisions"}],"predecessor-version":[{"id":808,"href":"https:\/\/lederreisen.no\/index.php\/wp-json\/wp\/v2\/pages\/53\/revisions\/808"}],"wp:attachment":[{"href":"https:\/\/lederreisen.no\/index.php\/wp-json\/wp\/v2\/media?parent=53"}],"curies":[{"name":"wp","href":"https:\/\/api.w.org\/{rel}","templated":true}]}}